{"id":2923,"date":"2025-10-16T23:44:39","date_gmt":"2025-10-16T21:44:39","guid":{"rendered":"https:\/\/www.montesdorosal.com\/?page_id=2923"},"modified":"2025-10-24T18:31:08","modified_gmt":"2025-10-24T16:31:08","slug":"aviso-legal","status":"publish","type":"page","link":"https:\/\/www.montesdorosal.com\/index.php\/aviso-legal\/","title":{"rendered":"Aviso Legal"},"content":{"rendered":"\n<h2 class=\"wp-block-heading\">\ud83e\uddfe AVISO LEGAL<\/h2>\n\n\n\n<p><strong>Titularidade da web<\/strong><br>En cumprimento co establecido na Lei 34\/2002, do 11 de xullo, de Servizos da Sociedade da Informaci\u00f3n e do Comercio Electr\u00f3nico (LSSI-CE), inf\u00f3rmase que a presente p\u00e1xina web \u00e9 titularidade da:<\/p>\n\n\n\n<p><strong>Comunidade de Montes Veci\u00f1ais en Man Com\u00fan do Rosal (Sta. Mari\u00f1a)<\/strong><br>NIF: <strong>V36121010<\/strong><br>Enderezo: <strong>Cami\u00f1o da Salgosa, 2-A, Rotea \u2013 O Rosal (Pontevedra)<\/strong><br>Correo electr\u00f3nico: <strong><a>comunidade@montesdorosal.com<\/a><\/strong><br>Dominio: <strong><a href=\"https:\/\/www.montesdorosal.com\">www.montesdorosal.com<\/a><\/strong><\/p>\n\n\n\n<p>O acceso e uso desta p\u00e1xina web atrib\u00fae a condici\u00f3n de usuario\/a, e implica a aceptaci\u00f3n plena e sen reservas das condici\u00f3ns contidas neste aviso legal.<\/p>\n\n\n\n<hr class=\"wp-block-separator has-alpha-channel-opacity\"\/>\n\n\n\n<h3 class=\"wp-block-heading\">1. Obxecto<\/h3>\n\n\n\n<p>A web ten como finalidade ofrecer informaci\u00f3n sobre a actividade da Comunidade de Montes, os seus montes, proxectos, gander\u00eda e servizos.<\/p>\n\n\n\n<hr class=\"wp-block-separator has-alpha-channel-opacity\"\/>\n\n\n\n<h3 class=\"wp-block-heading\">2. Propiedade intelectual e industrial<\/h3>\n\n\n\n<p>Todos os contidos, textos, imaxes, dese\u00f1os, logotipos e c\u00f3digos fonte desta web est\u00e1n protexidos polos dereitos de propiedade intelectual e industrial, e pertencen \u00e1 <strong>CMVMC do Rosal (Sta. Mari\u00f1a)<\/strong> ou a terceiros que autorizaron o seu uso.<br>Non se permite a s\u00faa reproduci\u00f3n, distribuci\u00f3n ou modificaci\u00f3n sen autorizaci\u00f3n expresa.<\/p>\n\n\n\n<hr class=\"wp-block-separator has-alpha-channel-opacity\"\/>\n\n\n\n<h3 class=\"wp-block-heading\">3. Responsabilidade dos contidos<\/h3>\n\n\n\n<p>A Comunidade non se fai responsable do uso inadecuado dos contidos da web nin das posibles consecuencias derivadas de erros t\u00e9cnicos ou actualizaci\u00f3ns pendentes.<\/p>\n\n\n\n<hr class=\"wp-block-separator has-alpha-channel-opacity\"\/>\n\n\n\n<h3 class=\"wp-block-heading\">4. Enlaces externos<\/h3>\n\n\n\n<p>Esta web pode conter ligaz\u00f3ns a p\u00e1xinas de terceiros. <strong>CMVMC do Rosal<\/strong> non se fai responsable dos contidos nin pol\u00edticas de privacidade deses sitios externos.<\/p>\n\n\n\n<hr class=\"wp-block-separator has-alpha-channel-opacity\"\/>\n\n\n\n<h3 class=\"wp-block-heading\">5. Lexislaci\u00f3n aplicable<\/h3>\n\n\n\n<p>A relaci\u00f3n entre o usuario e o titular da web r\u00e9xese pola lexislaci\u00f3n vixente en Espa\u00f1a.<\/p>\n\n\n\n<p><\/p>\n","protected":false},"excerpt":{"rendered":"<p>\ud83e\uddfe AVISO LEGAL Titularidade da webEn cumprimento co establecido na Lei 34\/2002, do 11 de xullo, de Servizos da Sociedade da Informaci\u00f3n e do Comercio Electr\u00f3nico (LSSI-CE), inf\u00f3rmase que a presente p\u00e1xina web \u00e9 titularidade da: Comunidade de Montes Veci\u00f1ais en Man Com\u00fan do Rosal (Sta. Mari\u00f1a)NIF: V36121010Enderezo: Cami\u00f1o da Salgosa, 2-A, Rotea \u2013 O&hellip;&nbsp;<a href=\"https:\/\/www.montesdorosal.com\/index.php\/aviso-legal\/\" rel=\"bookmark\"><span class=\"screen-reader-text\">Aviso Legal<\/span><\/a><\/p>\n","protected":false},"author":1,"featured_media":0,"parent":0,"menu_order":0,"comment_status":"closed","ping_status":"closed","template":"","meta":{"neve_meta_sidebar":"","neve_meta_container":"","neve_meta_enable_content_width":"","neve_meta_content_width":0,"neve_meta_title_alignment":"","neve_meta_author_avatar":"","neve_post_elements_order":"","neve_meta_disable_header":"","neve_meta_disable_footer":"","neve_meta_disable_title":"","ngg_post_thumbnail":0,"_kadence_starter_templates_imported_post":false,"footnotes":""},"class_list":["post-2923","page","type-page","status-publish","hentry"],"_links":{"self":[{"href":"https:\/\/www.montesdorosal.com\/index.php\/wp-json\/wp\/v2\/pages\/2923","targetHints":{"allow":["GET"]}}],"collection":[{"href":"https:\/\/www.montesdorosal.com\/index.php\/wp-json\/wp\/v2\/pages"}],"about":[{"href":"https:\/\/www.montesdorosal.com\/index.php\/wp-json\/wp\/v2\/types\/page"}],"author":[{"embeddable":true,"href":"https:\/\/www.montesdorosal.com\/index.php\/wp-json\/wp\/v2\/users\/1"}],"replies":[{"embeddable":true,"href":"https:\/\/www.montesdorosal.com\/index.php\/wp-json\/wp\/v2\/comments?post=2923"}],"version-history":[{"count":3,"href":"https:\/\/www.montesdorosal.com\/index.php\/wp-json\/wp\/v2\/pages\/2923\/revisions"}],"predecessor-version":[{"id":3056,"href":"https:\/\/www.montesdorosal.com\/index.php\/wp-json\/wp\/v2\/pages\/2923\/revisions\/3056"}],"wp:attachment":[{"href":"https:\/\/www.montesdorosal.com\/index.php\/wp-json\/wp\/v2\/media?parent=2923"}],"curies":[{"name":"wp","href":"https:\/\/api.w.org\/{rel}","templated":true}]}}