{"id":2993,"date":"2025-10-22T23:46:08","date_gmt":"2025-10-22T21:46:08","guid":{"rendered":"https:\/\/www.montesdorosal.com\/?page_id=2993"},"modified":"2025-11-10T11:04:38","modified_gmt":"2025-11-10T10:04:38","slug":"comunidade-de-montes-do-rosal-sta-marina","status":"publish","type":"page","link":"https:\/\/www.montesdorosal.com\/","title":{"rendered":"Inicio"},"content":{"rendered":"\n<div class=\"wp-block-group alignfull\" style=\"min-height:0vh;margin-top:0;margin-bottom:0;padding-top:var(--wp--preset--spacing--70);padding-right:var(--wp--preset--spacing--40);padding-bottom:var(--wp--preset--spacing--70);padding-left:var(--wp--preset--spacing--40)\"><div class=\"wp-block-group__inner-container is-layout-constrained wp-container-core-group-is-layout-50021241 wp-block-group-is-layout-constrained\">\n<div class=\"wp-block-group\"><div class=\"wp-block-group__inner-container is-layout-constrained wp-block-group-is-layout-constrained\">\n<div class=\"wp-block-cover wp-duotone-unset-1\"><img fetchpriority=\"high\" decoding=\"async\" width=\"806\" height=\"1024\" class=\"wp-block-cover__image-background wp-image-2942\" alt=\"\" src=\"https:\/\/www.montesdorosal.com\/wp-content\/uploads\/2022\/01\/cropped-IMG-20210228-WA0001-806x1024.jpg\" data-object-fit=\"cover\" srcset=\"https:\/\/www.montesdorosal.com\/wp-content\/uploads\/2022\/01\/cropped-IMG-20210228-WA0001-806x1024.jpg 806w, https:\/\/www.montesdorosal.com\/wp-content\/uploads\/2022\/01\/cropped-IMG-20210228-WA0001-236x300.jpg 236w, https:\/\/www.montesdorosal.com\/wp-content\/uploads\/2022\/01\/cropped-IMG-20210228-WA0001-768x975.jpg 768w, https:\/\/www.montesdorosal.com\/wp-content\/uploads\/2022\/01\/cropped-IMG-20210228-WA0001.jpg 897w\" sizes=\"(max-width: 806px) 100vw, 806px\" \/><span aria-hidden=\"true\" class=\"wp-block-cover__background has-background-dim\"><\/span><div class=\"wp-block-cover__inner-container is-layout-flow wp-block-cover-is-layout-flow\">\n<p style=\"color: #26e115; font-size: 45px; font-style: normal; font-weight: 400; padding: 0px; text-align: center;\"><span style=\"font-family: 'book antiqua', palatino, serif;\">Comunidade de Montes do Rosal<\/span><\/p>\n\n\n\n<p><\/p>\n\n\n\n<p><\/p>\n\n\n\n<p><\/p>\n\n\n\n<p><\/p>\n\n\n\n<p><\/p>\n\n\n\n<p><\/p>\n\n\n\n<p>&nbsp;<\/p>\n\n\n\n<h2><span style=\"color: #ffffff;\">O monte \u00e9 vida compartida<\/span><\/h2>\n\n\n\n<p style=\"border-style: none; border-width: 0px; font-size: 24px; padding: 0 var(--wp--preset--spacing--70) 0 var(--wp--preset--spacing--70);\"><span style=\"color: #ffffff;\">Benvidos \u00e1 <strong>Comunidade de Montes Veci\u00f1ais do Rosal<\/strong>.<\/span><br \/><span style=\"color: #ffffff;\">Somos unha comunidade que conserva e xestiona o monte como un <strong>espazo com\u00fan<\/strong>, fonte de riqueza natural, cultural e social para todos os veci\u00f1os e veci\u00f1as.<\/span><\/p>\n<\/div><\/div>\n<\/div><\/div>\n<\/div><\/div>\n\n\n\n<h3 class=\"wp-block-heading\">\ud83c\udf3f O noso compromiso<\/h3>\n\n\n\n<p>Traballamos para manter un equilibrio entre tradici\u00f3n e futuro:<\/p>\n\n\n\n<ul class=\"wp-block-list\">\n<li><strong>Xesti\u00f3n forestal sostible<\/strong> e responsable.<\/li>\n\n\n\n<li><strong>Recuperaci\u00f3n do patrimonio natural e etnogr\u00e1fico.<\/strong><\/li>\n\n\n\n<li><strong>Uso social e educativo<\/strong> do monte.<\/li>\n\n\n\n<li><strong>Participaci\u00f3n veci\u00f1al activa<\/strong> nas decisi\u00f3ns e proxectos.<\/li>\n<\/ul>\n\n\n\n<h3 class=\"wp-block-heading\">\ud83e\udeb5 O monte do Rosal<\/h3>\n\n\n\n<p>Un territorio vivo, de frondosas e pi\u00f1eirais, fontes e sendeiros que contan historias.<br>Cada cami\u00f1o reflicte o esforzo e o coidado dunha comunidade que entende o monte como parte da s\u00faa identidade.<\/p>\n\n\n\n<h3 class=\"wp-block-heading\">\ud83e\udd1d Participa e coida<\/h3>\n\n\n\n<p>O monte \u00e9 de todos e para todos.<br>Colabora, co\u00f1ece as nosas <strong>actividades, xornadas de limpeza, plantaci\u00f3ns e proxectos ambientais<\/strong>.<\/p>\n\n\n\n<p><\/p>\n","protected":false},"excerpt":{"rendered":"<p>\ud83c\udf3f O noso compromiso Traballamos para manter un equilibrio entre tradici\u00f3n e futuro: \ud83e\udeb5 O monte do Rosal Un territorio vivo, de frondosas e pi\u00f1eirais, fontes e sendeiros que contan historias.Cada cami\u00f1o reflicte o esforzo e o coidado dunha comunidade que entende o monte como parte da s\u00faa identidade. \ud83e\udd1d Participa e coida O monte&hellip;&nbsp;<a href=\"https:\/\/www.montesdorosal.com\/\" rel=\"bookmark\"><span class=\"screen-reader-text\">Inicio<\/span><\/a><\/p>\n","protected":false},"author":1,"featured_media":0,"parent":0,"menu_order":0,"comment_status":"closed","ping_status":"closed","template":"","meta":{"neve_meta_sidebar":"","neve_meta_container":"","neve_meta_enable_content_width":"","neve_meta_content_width":0,"neve_meta_title_alignment":"","neve_meta_author_avatar":"","neve_post_elements_order":"","neve_meta_disable_header":"","neve_meta_disable_footer":"","neve_meta_disable_title":"","ngg_post_thumbnail":0,"_kadence_starter_templates_imported_post":false,"footnotes":""},"class_list":["post-2993","page","type-page","status-publish","hentry"],"_links":{"self":[{"href":"https:\/\/www.montesdorosal.com\/index.php\/wp-json\/wp\/v2\/pages\/2993","targetHints":{"allow":["GET"]}}],"collection":[{"href":"https:\/\/www.montesdorosal.com\/index.php\/wp-json\/wp\/v2\/pages"}],"about":[{"href":"https:\/\/www.montesdorosal.com\/index.php\/wp-json\/wp\/v2\/types\/page"}],"author":[{"embeddable":true,"href":"https:\/\/www.montesdorosal.com\/index.php\/wp-json\/wp\/v2\/users\/1"}],"replies":[{"embeddable":true,"href":"https:\/\/www.montesdorosal.com\/index.php\/wp-json\/wp\/v2\/comments?post=2993"}],"version-history":[{"count":39,"href":"https:\/\/www.montesdorosal.com\/index.php\/wp-json\/wp\/v2\/pages\/2993\/revisions"}],"predecessor-version":[{"id":3183,"href":"https:\/\/www.montesdorosal.com\/index.php\/wp-json\/wp\/v2\/pages\/2993\/revisions\/3183"}],"wp:attachment":[{"href":"https:\/\/www.montesdorosal.com\/index.php\/wp-json\/wp\/v2\/media?parent=2993"}],"curies":[{"name":"wp","href":"https:\/\/api.w.org\/{rel}","templated":true}]}}